{"id":147,"date":"2020-09-15T16:02:31","date_gmt":"2020-09-15T16:02:31","guid":{"rendered":"https:\/\/csillagles.eu\/?page_id=147"},"modified":"2023-07-11T22:31:40","modified_gmt":"2023-07-11T20:31:40","slug":"latnivalok-programok","status":"publish","type":"page","link":"https:\/\/csillagles.eu\/?page_id=147","title":{"rendered":"L\u00e1tnival\u00f3k"},"content":{"rendered":"\n<ul>\n<li><a rel=\"noreferrer noopener\" href=\"https:\/\/www.gyongyos-matra.hu\/letoltheto-kiadvanyok\/letoltheto-kiadvanyok\/\" data-type=\"URL\" data-id=\"https:\/\/www.gyongyos-matra.hu\/letoltheto-kiadvanyok\/letoltheto-kiadvanyok\/\" target=\"_blank\">Let\u00f6lthet\u0151 10 nap sorozat: l\u00e1tnival\u00f3k, t\u00fara aj\u00e1nlatok<\/a><\/li>\n<\/ul>\n\n\n\n<ul>\n<li><mark style=\"background-color:rgba(0, 0, 0, 0)\" class=\"has-inline-color has-light-green-cyan-color\"><a rel=\"noreferrer noopener\" href=\"https:\/\/www.sipark.hu\/fooldal\" target=\"_blank\">M\u00e1traszentistv\u00e1ni<\/a><a href=\"https:\/\/www.sipark.hu\/fooldal\"> S\u00edpark<\/a> <br><\/mark><\/li>\n\n\n\n<li><mark style=\"background-color:rgba(0, 0, 0, 0)\" class=\"has-inline-color has-light-green-cyan-color\"><a href=\"https:\/\/felso-matra.hu\/latnivalok\/matraszentimre\" data-type=\"URL\" data-id=\"https:\/\/felso-matra.hu\/latnivalok\/matraszentimre\">M\u00e1traszentimre <\/a><a rel=\"noreferrer noopener\" href=\"https:\/\/felso-matra.hu\/latnivalok\/matraszentimre\" data-type=\"URL\" data-id=\"https:\/\/felso-matra.hu\/latnivalok\/matraszentimre\" target=\"_blank\">l\u00e1tnival\u00f3k<\/a><a href=\"https:\/\/felso-matra.hu\/latnivalok\/matraszentimre\" data-type=\"URL\" data-id=\"https:\/\/felso-matra.hu\/latnivalok\/matraszentimre\"><br><\/a><a rel=\"noreferrer noopener\" href=\"https:\/\/www.gyongyos-matra.hu\/termeszeti-ertekek-2\/kilatok\/voros-ko-kilato\/\" target=\"_blank\">V\u00f6r\u00f6sk\u0151 kil\u00e1t\u00f3, M\u00e1traszentimre<\/a><br><\/mark><\/li>\n\n\n\n<li><a rel=\"noreferrer noopener\" href=\"https:\/\/www.termeszetjaro.hu\/mobile\/hu\/point\/kilato\/kekesteto-adotorony-es-kilato\/24173141\/\" target=\"_blank\"><span class=\"has-inline-color has-light-green-cyan-color\">K\u00e9kestet\u0151, Ad\u00f3torony Kil\u00e1t\u00f3<\/span> <\/a><span class=\"has-inline-color has-light-green-cyan-color\"><br><\/span><\/li>\n\n\n\n<li><mark style=\"background-color:rgba(0, 0, 0, 0)\" class=\"has-inline-color has-light-green-cyan-color\"><a rel=\"noreferrer noopener\" href=\"https:\/\/felso-matra.hu\/latnivalok\/galyateto\" data-type=\"URL\" data-id=\"https:\/\/felso-matra.hu\/latnivalok\/galyateto\" target=\"_blank\">Galyatet\u0151, Galya- kil\u00e1t\u00f3 <br><\/a><\/mark><\/li>\n\n\n\n<li><mark style=\"background-color:rgba(0, 0, 0, 0)\" class=\"has-inline-color has-light-green-cyan-color\"><a rel=\"noreferrer noopener\" href=\"https:\/\/www.gyongyos-matra.hu\/termeszeti-ertekek-2\/kilatok\/sasto-kilato\/\" target=\"_blank\">S\u00e1st\u00f3, M\u00e1traf\u00fcred<\/a><br><\/mark><\/li>\n\n\n\n<li><mark style=\"background-color:rgba(0, 0, 0, 0)\" class=\"has-inline-color has-light-green-cyan-color\"><a rel=\"noreferrer noopener\" href=\"https:\/\/adrenalin-park.hu\" target=\"_blank\">Oxygen Adrenalin Park, M\u00e1traf\u00fcred<\/a> <br><a rel=\"noreferrer noopener\" href=\"https:\/\/adrenalin-park.hu\/libego\" target=\"_blank\">Adrenalin Park, libeg\u0151<\/a> <br><\/mark><\/li>\n\n\n\n<li><mark style=\"background-color:rgba(0, 0, 0, 0)\" class=\"has-inline-color has-light-green-cyan-color\"><a rel=\"noreferrer noopener\" href=\"http:\/\/www.bukkszekfurdo.hu\" target=\"_blank\">B\u00fckksz\u00e9kf\u00fcrd\u0151<\/a> <br><\/mark><\/li>\n\n\n\n<li><a rel=\"noreferrer noopener\" href=\"https:\/\/gyongyos.kornyeke.hu\/latnivalok-programok\" data-type=\"URL\" data-id=\"https:\/\/gyongyos.kornyeke.hu\/latnivalok-programok\" target=\"_blank\">Gy\u00f6ngy\u00f6s \u00e9s k\u00f6rny\u00e9ke l\u00e1tnival\u00f3k<\/a><br><\/li>\n\n\n\n<li><a href=\"https:\/\/www.kisvasut.hu\/index.php?rfa=159\" data-type=\"URL\" data-id=\"https:\/\/www.kisvasut.hu\/index.php?rfa=159\" target=\"_blank\" rel=\"noreferrer noopener\">M\u00e1trai kisvas\u00fat<mark style=\"background-color:rgba(0, 0, 0, 0)\" class=\"has-inline-color has-light-green-cyan-color\"><br><\/mark><\/a><\/li>\n\n\n\n<li><mark style=\"background-color:rgba(0, 0, 0, 0)\" class=\"has-inline-color has-light-green-cyan-color\"><a rel=\"noreferrer noopener\" href=\"https:\/\/kirandulastippek.hu\/matra\/ilona-volgyi-vizeses\" target=\"_blank\">Par\u00e1df\u00fcrd\u0151, Ilona-v\u00f6lgyi v\u00edzes\u00e9s<\/a><br><\/mark><\/li>\n\n\n\n<li><mark style=\"background-color:rgba(0, 0, 0, 0)\" class=\"has-inline-color has-light-green-cyan-color\"><a rel=\"noreferrer noopener\" href=\"https:\/\/kekesonline.hu\/2019\/04\/15\/a-matra-egyik-legszebb-gerincutja-agasvar\/\" target=\"_blank\">\u00c1gasv\u00e1r<\/a><\/mark><br><\/li>\n\n\n\n<li><a href=\"https:\/\/www.outdooractive.com\/en\/protected-area\/nature-park\/matrai-tajvedelmi-koerzet\/25013935\/\" data-type=\"URL\" data-id=\"https:\/\/www.outdooractive.com\/en\/protected-area\/nature-park\/matrai-tajvedelmi-koerzet\/25013935\/\" target=\"_blank\" rel=\"noreferrer noopener\">Activities in M\u00e1trai T\u00e1jv\u00e9delmi K\u00f6rzet &#8211; English<\/a><\/li>\n\n\n\n<li><a href=\"https:\/\/www.komoot.com\/guide\/498475\/attractions-around-matra\" data-type=\"URL\" data-id=\"https:\/\/www.komoot.com\/guide\/498475\/attractions-around-matra\" target=\"_blank\" rel=\"noreferrer noopener\">Attractions around M\u00e1tra<\/a><br><a href=\"https:\/\/kirandulastippek.hu\/matra\/ilona-volgyi-vizeses\"><br><\/a><\/li>\n<\/ul>\n\n\n\n<p>\u00c9ttermek: <\/p>\n\n\n\n<ul>\n<li><mark style=\"background-color:rgba(0, 0, 0, 0)\" class=\"has-inline-color has-light-green-cyan-color\"><a rel=\"noreferrer noopener\" href=\"https:\/\/www.facebook.com\/Voroskoetterem\/\" target=\"_blank\">V\u00f6r\u00f6sk\u0151 \u00c9tterem<\/a><\/mark><\/li>\n\n\n\n<li><a rel=\"noreferrer noopener\" href=\"https:\/\/hu-hu.facebook.com\/pages\/category\/Restaurant\/B\u00e9Terv-1757241947840499\/\" target=\"_blank\">B\u00e9terv<\/a><\/li>\n\n\n\n<li><a href=\"https:\/\/narad.accenthotels.com\/hu\/szolgaltatasok\/gasztronomia\" data-type=\"URL\" data-id=\"https:\/\/narad.accenthotels.com\/hu\/szolgaltatasok\/gasztronomia\" target=\"_blank\" rel=\"noreferrer noopener\">Nar\u00e1d<\/a><a href=\"https:\/\/narad.accenthotels.com\/hu\/szolgaltatasok\/gasztronomia\" data-type=\"URL\" data-id=\"https:\/\/narad.accenthotels.com\/hu\/szolgaltatasok\/gasztronomia\"> <\/a><a href=\"https:\/\/narad.accenthotels.com\/hu\/szolgaltatasok\/gasztronomia\" data-type=\"URL\" target=\"_blank\" rel=\"noreferrer noopener\">Hotel<\/a> (M\u00e1traszentimre) wellness \u00e9s \u00e9tterem r\u00e9szlegein 10 %-os kedvezm\u00e9ny vend\u00e9geinknek<br><\/li>\n<\/ul>\n\n\n\n<p><\/p>\n","protected":false},"excerpt":{"rendered":"<p>\u00c9ttermek:<\/p>\n","protected":false},"author":1,"featured_media":0,"parent":0,"menu_order":0,"comment_status":"closed","ping_status":"closed","template":"","meta":{"footnotes":""},"_links":{"self":[{"href":"https:\/\/csillagles.eu\/index.php?rest_route=\/wp\/v2\/pages\/147"}],"collection":[{"href":"https:\/\/csillagles.eu\/index.php?rest_route=\/wp\/v2\/pages"}],"about":[{"href":"https:\/\/csillagles.eu\/index.php?rest_route=\/wp\/v2\/types\/page"}],"author":[{"embeddable":true,"href":"https:\/\/csillagles.eu\/index.php?rest_route=\/wp\/v2\/users\/1"}],"replies":[{"embeddable":true,"href":"https:\/\/csillagles.eu\/index.php?rest_route=%2Fwp%2Fv2%2Fcomments&post=147"}],"version-history":[{"count":27,"href":"https:\/\/csillagles.eu\/index.php?rest_route=\/wp\/v2\/pages\/147\/revisions"}],"predecessor-version":[{"id":668,"href":"https:\/\/csillagles.eu\/index.php?rest_route=\/wp\/v2\/pages\/147\/revisions\/668"}],"wp:attachment":[{"href":"https:\/\/csillagles.eu\/index.php?rest_route=%2Fwp%2Fv2%2Fmedia&parent=147"}],"curies":[{"name":"wp","href":"https:\/\/api.w.org\/{rel}","templated":true}]}}