{"id":7,"date":"2020-09-15T07:48:00","date_gmt":"2020-09-15T07:48:00","guid":{"rendered":"https:\/\/csillagles.eu\/?page_id=7"},"modified":"2024-02-02T10:26:21","modified_gmt":"2024-02-02T08:26:21","slug":"rolunk","status":"publish","type":"page","link":"https:\/\/csillagles.eu\/?page_id=7","title":{"rendered":"R\u00f3lunk"},"content":{"rendered":"\n<p>Csillagles. A h\u00e1z, ahol a csillagok a teraszig \u00e9rnek. <br>A M\u00e1tra tetej\u00e9n, az erd\u0151 sz\u00e9l\u00e9n, a K\u00e9kt\u00fara vonal\u00e1n, a s\u00edp\u00e1lya mellett. <\/p>\n\n\n\n<p>2018-ban \u00e1lmodtunk egy nagyot, \u00e9s teljes \u00e1talak\u00edt\u00e1st v\u00e9gezt\u00fcnk a 80 \u00e9ves paraszth\u00e1zon, meg\u0151rizve k\u00fcls\u0151 jegyeit, m\u00e9gis modern k\u00f6nt\u00f6sbe b\u00fajtatva. <br>A 6 f\u0151 sz\u00e1m\u00e1ra kialak\u00edtott h\u00e1z ( egy nagy konyha-nappali, 2 h\u00e1l\u00f3szoba francia\u00e1ggyal illetve k\u00e9t k\u00fcl\u00f6n \u00e1ggyal,  2 f\u0151re p\u00f3t\u00e1gyazhat\u00f3 nappali \u00e1ggy\u00e1 alak\u00edthat\u00f3 kanap\u00e9val, f\u00fcrd\u0151szoba) t\u00f6k\u00e9letes h\u00e9tv\u00e9gi pihen\u00e9sre vagy hosszabb kikapcsol\u00f3d\u00e1sra is. Minden k\u00e9nyelemmel \u00e9s extr\u00e1val felszerelt: padl\u00f3f\u0171t\u00e9s mellett fat\u00fczel\u00e9s\u0171 kandall\u00f3, mosogat\u00f3g\u00e9p, Nespresso k\u00e1v\u00e9f\u0151z\u0151, h\u0171t\u0151, mikr\u00f3, s\u00fct\u0151, ingyenes wifi, k\u00e1d \u00e9s k\u00fcl\u00f6n zuhanyz\u00f3, finom \u00e1gynem\u0171 \u00e9s puha t\u00f6r\u00f6lk\u00f6z\u0151. <br>Akinek bogr\u00e1csozni vagy grillezni t\u00e1mad kedve, az is megtal\u00e1lja sz\u00e1m\u00edt\u00e1s\u00e1t. <\/p>\n\n\n\n<p>Hogy a pihen\u00e9s pihen\u00e9s legyen, n\u00e1lunk a korai \u00e9rkez\u00e9s \u00e9s a k\u00e9s\u0151i t\u00e1voz\u00e1s term\u00e9szetes, ez\u00e9rt a h\u00e1zat d\u00e9lel\u0151tt 10 \u00f3r\u00e1t\u00f3l el lehet foglalni, \u00e9s d\u00e9lut\u00e1n 16 \u00f3r\u00e1ig kell elhagyni. <br><br>Az erd\u0151 a maga nyugalm\u00e1val, a term\u00e9szet adta sz\u00e9ps\u00e9g\u00e9vel minden \u00e9vszakban remek kir\u00e1ndul\u00e1si c\u00e9lpontokat k\u00edn\u00e1l, k\u00f6nnyebb \u00e9s nehezebb t\u00far\u00e1k is tehet\u0151k a k\u00f6rny\u00e9ken. <br>A m\u00e1traszentistv\u00e1ni S\u00edpark \u00e1ltal\u00e1ban m\u00e9g m\u00e1rcius k\u00f6zep\u00e9n, v\u00e9g\u00e9n is v\u00e1rja a s\u00edel\u0151ket. A p\u00e1lya gyalogosan kb. 10 perc alatt, aut\u00f3val 1-2 perc alatt \u00e9rhet\u0151 el a Csillaglesb\u0151l.<br>\u00c9tterem kb. 200 m\u00e9terre tal\u00e1lhat\u00f3. A k\u00f6rny\u00e9k sz\u00e1mtalan programlehet\u0151s\u00e9ggel, l\u00e1tnival\u00f3val v\u00e1r, aj\u00e1nl\u00f3nkat a weblapon \u00e9s a h\u00e1zban nyomtatott form\u00e1ban is megtal\u00e1lj\u00e1k. <\/p>\n\n\n\n<p>Nek\u00fcnk a M\u00e1tra \u00e9s a Csillagles szerelem. Szeretn\u00e9nk,  hogy m\u00e1snak is azz\u00e1 v\u00e1ljon. <\/p>\n\n\n\n<p><strong>R\u00f3lunk mondt\u00e1k: <\/strong><\/p>\n\n\n\n<p>&#8221; Csod\u00e1latos h\u00e1z, \u00e9s t\u00f6bb ann\u00e1l: otthon.&#8221;<\/p>\n\n\n\n<p>&#8222;Kiv\u00e1l\u00f3an felszerelt fantasztikus konyha-mint otthon-, k\u00e9nyelmes \u00e1gyakkal, hatalmas k\u00e1d.&#8221;<\/p>\n\n\n\n<p>&#8222;Ez a vend\u00e9gh\u00e1z t\u00e9nyleg szuper k\u00e9nyelmes \u00e9s hangulatos!&#8221;<\/p>\n\n\n\n<p>&#8222;A h\u00e1z turista \u00fatvonal mellett van, az erd\u0151 karny\u00fajt\u00e1snyira&#8230;.Ide\u00e1lis csal\u00e1di nyaral\u00e1sra, vagy kisebb bar\u00e1ti t\u00e1rsas\u00e1gnak.&#8221;<\/p>\n\n\n\n<p><\/p>\n\n\n\n<p><\/p>\n\n\n\n<p><br><\/p>\n\n\n\n<p><\/p>\n\n\n\n<p><\/p>\n","protected":false},"excerpt":{"rendered":"<p>Csillagles. A h\u00e1z, ahol a csillagok a teraszig \u00e9rnek. A M\u00e1tra tetej\u00e9n, az erd\u0151 sz\u00e9l\u00e9n, a K\u00e9kt\u00fara vonal\u00e1n, a s\u00edp\u00e1lya mellett. 2018-ban \u00e1lmodtunk egy nagyot, \u00e9s teljes \u00e1talak\u00edt\u00e1st v\u00e9gezt\u00fcnk a &hellip; <\/p>\n","protected":false},"author":1,"featured_media":0,"parent":0,"menu_order":0,"comment_status":"closed","ping_status":"closed","template":"","meta":{"footnotes":""},"_links":{"self":[{"href":"https:\/\/csillagles.eu\/index.php?rest_route=\/wp\/v2\/pages\/7"}],"collection":[{"href":"https:\/\/csillagles.eu\/index.php?rest_route=\/wp\/v2\/pages"}],"about":[{"href":"https:\/\/csillagles.eu\/index.php?rest_route=\/wp\/v2\/types\/page"}],"author":[{"embeddable":true,"href":"https:\/\/csillagles.eu\/index.php?rest_route=\/wp\/v2\/users\/1"}],"replies":[{"embeddable":true,"href":"https:\/\/csillagles.eu\/index.php?rest_route=%2Fwp%2Fv2%2Fcomments&post=7"}],"version-history":[{"count":29,"href":"https:\/\/csillagles.eu\/index.php?rest_route=\/wp\/v2\/pages\/7\/revisions"}],"predecessor-version":[{"id":694,"href":"https:\/\/csillagles.eu\/index.php?rest_route=\/wp\/v2\/pages\/7\/revisions\/694"}],"wp:attachment":[{"href":"https:\/\/csillagles.eu\/index.php?rest_route=%2Fwp%2Fv2%2Fmedia&parent=7"}],"curies":[{"name":"wp","href":"https:\/\/api.w.org\/{rel}","templated":true}]}}