{"id":8,"date":"2020-09-15T07:48:00","date_gmt":"2020-09-15T07:48:00","guid":{"rendered":"https:\/\/csillagles.eu\/?page_id=8"},"modified":"2020-09-16T19:15:44","modified_gmt":"2020-09-16T19:15:44","slug":"elerhetoseg","status":"publish","type":"page","link":"https:\/\/csillagles.eu\/?page_id=8","title":{"rendered":"El\u00e9rhet\u0151s\u00e9g"},"content":{"rendered":"\n<p>C\u00edm: M\u00e1traszentimre &#8211; M\u00e1traszentl\u00e1szl\u00f3, Fenyves utca 7.<br>Tel: +3670\/3316272<br>E-mail: matracsillagles@gmail.com<\/p>\n\n\n\n<iframe loading=\"lazy\" src=\"https:\/\/www.google.com\/maps\/embed?pb=!1m18!1m12!1m3!1d1087.912495371248!2d19.878613658090956!3d47.9237367922025!2m3!1f0!2f0!3f0!3m2!1i1024!2i768!4f13.1!3m3!1m2!1s0x474042ed7800e8c7%3A0xb7a54c4dab3b5852!2sM%C3%A1traszentimre%2C%20Fenyves%20u.%207%2C%203235!5e1!3m2!1sen!2shu!4v1600283469510!5m2!1sen!2shu\" width=\"600\" height=\"450\" frameborder=\"0\" style=\"border:0;\" allowfullscreen=\"\" aria-hidden=\"false\" tabindex=\"0\"><\/iframe>\n\n\n\n<p><\/p>\n","protected":false},"excerpt":{"rendered":"<p>C\u00edm: M\u00e1traszentimre &#8211; M\u00e1traszentl\u00e1szl\u00f3, Fenyves utca 7.Tel: +3670\/3316272E-mail: matracsillagles@gmail.com<\/p>\n","protected":false},"author":1,"featured_media":0,"parent":0,"menu_order":0,"comment_status":"closed","ping_status":"closed","template":"","meta":{"footnotes":""},"_links":{"self":[{"href":"https:\/\/csillagles.eu\/index.php?rest_route=\/wp\/v2\/pages\/8"}],"collection":[{"href":"https:\/\/csillagles.eu\/index.php?rest_route=\/wp\/v2\/pages"}],"about":[{"href":"https:\/\/csillagles.eu\/index.php?rest_route=\/wp\/v2\/types\/page"}],"author":[{"embeddable":true,"href":"https:\/\/csillagles.eu\/index.php?rest_route=\/wp\/v2\/users\/1"}],"replies":[{"embeddable":true,"href":"https:\/\/csillagles.eu\/index.php?rest_route=%2Fwp%2Fv2%2Fcomments&post=8"}],"version-history":[{"count":5,"href":"https:\/\/csillagles.eu\/index.php?rest_route=\/wp\/v2\/pages\/8\/revisions"}],"predecessor-version":[{"id":251,"href":"https:\/\/csillagles.eu\/index.php?rest_route=\/wp\/v2\/pages\/8\/revisions\/251"}],"wp:attachment":[{"href":"https:\/\/csillagles.eu\/index.php?rest_route=%2Fwp%2Fv2%2Fmedia&parent=8"}],"curies":[{"name":"wp","href":"https:\/\/api.w.org\/{rel}","templated":true}]}}